{"id":634,"date":"2022-01-10T10:04:16","date_gmt":"2022-01-10T09:04:16","guid":{"rendered":"https:\/\/www.streitkultur.at\/sk\/?page_id=634"},"modified":"2025-05-26T20:13:16","modified_gmt":"2025-05-26T18:13:16","slug":"konfliktstunde","status":"publish","type":"page","link":"https:\/\/www.streitkultur.at\/sk\/konfliktstunde\/","title":{"rendered":"Die Konfliktstunde"},"content":{"rendered":"\t\t<div data-elementor-type=\"wp-page\" data-elementor-id=\"634\" class=\"elementor elementor-634\" data-elementor-post-type=\"page\">\n\t\t\t\t\t\t<section class=\"elementor-section elementor-top-section elementor-element elementor-element-f437da3 elementor-section-boxed elementor-section-height-default elementor-section-height-default\" data-id=\"f437da3\" data-element_type=\"section\">\n\t\t\t\t\t\t<div class=\"elementor-container elementor-column-gap-default\">\n\t\t\t\t\t<div class=\"elementor-column elementor-col-50 elementor-top-column elementor-element elementor-element-0f7c41e\" data-id=\"0f7c41e\" data-element_type=\"column\">\n\t\t\t<div class=\"elementor-widget-wrap elementor-element-populated\">\n\t\t\t\t\t\t<div class=\"elementor-element elementor-element-23edf40 elementor-widget elementor-widget-image\" data-id=\"23edf40\" data-element_type=\"widget\" data-widget_type=\"image.default\">\n\t\t\t\t<div class=\"elementor-widget-container\">\n\t\t\t\t\t\t\t\t\t\t\t\t\t\t\t<img fetchpriority=\"high\" decoding=\"async\" width=\"640\" height=\"426\" src=\"https:\/\/www.streitkultur.at\/sk\/wp-content\/uploads\/2024\/06\/Brand_Images_e.U._20240606_23000288_0103-1-1024x681.jpg\" class=\"attachment-large size-large wp-image-1127\" alt=\"\" srcset=\"https:\/\/www.streitkultur.at\/sk\/wp-content\/uploads\/2024\/06\/Brand_Images_e.U._20240606_23000288_0103-1-1024x681.jpg 1024w, https:\/\/www.streitkultur.at\/sk\/wp-content\/uploads\/2024\/06\/Brand_Images_e.U._20240606_23000288_0103-1-300x200.jpg 300w, https:\/\/www.streitkultur.at\/sk\/wp-content\/uploads\/2024\/06\/Brand_Images_e.U._20240606_23000288_0103-1-768x511.jpg 768w, https:\/\/www.streitkultur.at\/sk\/wp-content\/uploads\/2024\/06\/Brand_Images_e.U._20240606_23000288_0103-1-1536x1022.jpg 1536w, https:\/\/www.streitkultur.at\/sk\/wp-content\/uploads\/2024\/06\/Brand_Images_e.U._20240606_23000288_0103-1-2048x1363.jpg 2048w\" sizes=\"(max-width: 640px) 100vw, 640px\" \/>\t\t\t\t\t\t\t\t\t\t\t\t\t\t\t<\/div>\n\t\t\t\t<\/div>\n\t\t\t\t\t<\/div>\n\t\t<\/div>\n\t\t\t\t<div class=\"elementor-column elementor-col-50 elementor-top-column elementor-element elementor-element-e34118d\" data-id=\"e34118d\" data-element_type=\"column\">\n\t\t\t<div class=\"elementor-widget-wrap elementor-element-populated\">\n\t\t\t\t\t\t<div class=\"elementor-element elementor-element-9943382 elementor-widget elementor-widget-image\" data-id=\"9943382\" data-element_type=\"widget\" data-widget_type=\"image.default\">\n\t\t\t\t<div class=\"elementor-widget-container\">\n\t\t\t\t\t\t\t\t\t\t\t\t\t\t\t<img decoding=\"async\" width=\"640\" height=\"426\" src=\"https:\/\/www.streitkultur.at\/sk\/wp-content\/uploads\/2024\/06\/Brand_Images_e.U._20240606_23000288_0148-1-1024x681.jpg\" class=\"attachment-large size-large wp-image-1128\" alt=\"\" srcset=\"https:\/\/www.streitkultur.at\/sk\/wp-content\/uploads\/2024\/06\/Brand_Images_e.U._20240606_23000288_0148-1-1024x681.jpg 1024w, https:\/\/www.streitkultur.at\/sk\/wp-content\/uploads\/2024\/06\/Brand_Images_e.U._20240606_23000288_0148-1-300x200.jpg 300w, https:\/\/www.streitkultur.at\/sk\/wp-content\/uploads\/2024\/06\/Brand_Images_e.U._20240606_23000288_0148-1-768x511.jpg 768w, https:\/\/www.streitkultur.at\/sk\/wp-content\/uploads\/2024\/06\/Brand_Images_e.U._20240606_23000288_0148-1-1536x1022.jpg 1536w, https:\/\/www.streitkultur.at\/sk\/wp-content\/uploads\/2024\/06\/Brand_Images_e.U._20240606_23000288_0148-1-2048x1363.jpg 2048w\" sizes=\"(max-width: 640px) 100vw, 640px\" \/>\t\t\t\t\t\t\t\t\t\t\t\t\t\t\t<\/div>\n\t\t\t\t<\/div>\n\t\t\t\t\t<\/div>\n\t\t<\/div>\n\t\t\t\t\t<\/div>\n\t\t<\/section>\n\t\t\t\t<section class=\"elementor-section elementor-top-section elementor-element elementor-element-7379f91 elementor-section-boxed elementor-section-height-default elementor-section-height-default\" data-id=\"7379f91\" data-element_type=\"section\">\n\t\t\t\t\t\t<div class=\"elementor-container elementor-column-gap-default\">\n\t\t\t\t\t<div class=\"elementor-column elementor-col-100 elementor-top-column elementor-element elementor-element-a68b8c4\" data-id=\"a68b8c4\" data-element_type=\"column\">\n\t\t\t<div class=\"elementor-widget-wrap elementor-element-populated\">\n\t\t\t\t\t\t<div class=\"elementor-element elementor-element-1d2c6d9 elementor-widget elementor-widget-text-editor\" data-id=\"1d2c6d9\" data-element_type=\"widget\" data-widget_type=\"text-editor.default\">\n\t\t\t\t<div class=\"elementor-widget-container\">\n\t\t\t\t\t\t\t\t\t<p>Es ist wie beim Z\u00e4hneputzen: Beugen Sie Ihren Konflikten vor oder bearbeiten Sie sie, bevor ernste Sch\u00e4den auftreten. Setzen Sie sich dazu zumindest einmal im Jahr mit uns zusammen und wir ergr\u00fcnden Ihren Status und arbeiten gemeinsam daran.<\/p>\t\t\t\t\t\t\t\t<\/div>\n\t\t\t\t<\/div>\n\t\t\t\t\t<\/div>\n\t\t<\/div>\n\t\t\t\t\t<\/div>\n\t\t<\/section>\n\t\t\t\t<section class=\"elementor-section elementor-top-section elementor-element elementor-element-43ca994 elementor-section-boxed elementor-section-height-default elementor-section-height-default\" data-id=\"43ca994\" data-element_type=\"section\">\n\t\t\t\t\t\t<div class=\"elementor-container elementor-column-gap-default\">\n\t\t\t\t\t<div class=\"elementor-column elementor-col-100 elementor-top-column elementor-element elementor-element-4f3af97\" data-id=\"4f3af97\" data-element_type=\"column\">\n\t\t\t<div class=\"elementor-widget-wrap elementor-element-populated\">\n\t\t\t\t\t\t<div class=\"elementor-element elementor-element-12997fd elementor-widget elementor-widget-accordion\" data-id=\"12997fd\" data-element_type=\"widget\" data-settings=\"{&quot;_animation&quot;:&quot;none&quot;}\" data-widget_type=\"accordion.default\">\n\t\t\t\t<div class=\"elementor-widget-container\">\n\t\t\t\t\t\t\t<div class=\"elementor-accordion\">\n\t\t\t\t\t\t\t<div class=\"elementor-accordion-item\">\n\t\t\t\t\t<div id=\"elementor-tab-title-1951\" class=\"elementor-tab-title\" data-tab=\"1\" role=\"button\" aria-controls=\"elementor-tab-content-1951\" aria-expanded=\"false\">\n\t\t\t\t\t\t\t\t\t\t\t\t\t<span class=\"elementor-accordion-icon elementor-accordion-icon-left\" aria-hidden=\"true\">\n\t\t\t\t\t\t\t\t\t\t\t\t\t\t\t<span class=\"elementor-accordion-icon-closed\"><i class=\"fas fa-plus\"><\/i><\/span>\n\t\t\t\t\t\t\t\t<span class=\"elementor-accordion-icon-opened\"><i class=\"fas fa-minus\"><\/i><\/span>\n\t\t\t\t\t\t\t\t\t\t\t\t\t\t<\/span>\n\t\t\t\t\t\t\t\t\t\t\t\t<a class=\"elementor-accordion-title\" tabindex=\"0\">Konflikt.L\u00f6sen<\/a>\n\t\t\t\t\t<\/div>\n\t\t\t\t\t<div id=\"elementor-tab-content-1951\" class=\"elementor-tab-content elementor-clearfix\" data-tab=\"1\" role=\"region\" aria-labelledby=\"elementor-tab-title-1951\"><p>Es gibt Konflikte im Team,\u00a0 Unstimmigkeiten mit Gesch\u00e4ftspartnern, Streitigkeiten mit Nachbarn, Mieter und Vermieter sehen sich in Konfrontation. Das k\u00f6nnte vor Gericht gel\u00f6st werden, aber das ist teuer und basiert auf dem Verlierer-Gewinner Konzept. <br \/>Wir meinen: Eine <span style=\"color: #246373;\"><strong>zukunftsorientierte L\u00f6sung<\/strong><\/span> muss f\u00fcr alle Beteiligten passen. In allen genannten Konstellationen braucht es ergebnisorientierte, nachhaltige L\u00f6sungen: Konstrukte, bei denen man weiter zusammenarbeiten kann, sich weiter in die Augen sehen m\u00f6chte. Eine gelungene Konfliktmoderation kennt nicht Gewinner- und Verliererseite, sondern eine L\u00f6sung, die <span class=\"has-inline-color\">f\u00fcr alle Beteiligten <span style=\"color: #246373;\"><strong>tragbar und positiv <\/strong><\/span><\/span>ist. Nach der gelungenen Konfliktmoderation sind alle Beteiligten erleichtert, gemeinsam einen Weg f\u00fcr die Zukunft gefunden zu haben.<\/p><\/div>\n\t\t\t\t<\/div>\n\t\t\t\t\t\t\t<div class=\"elementor-accordion-item\">\n\t\t\t\t\t<div id=\"elementor-tab-title-1952\" class=\"elementor-tab-title\" data-tab=\"2\" role=\"button\" aria-controls=\"elementor-tab-content-1952\" aria-expanded=\"false\">\n\t\t\t\t\t\t\t\t\t\t\t\t\t<span class=\"elementor-accordion-icon elementor-accordion-icon-left\" aria-hidden=\"true\">\n\t\t\t\t\t\t\t\t\t\t\t\t\t\t\t<span class=\"elementor-accordion-icon-closed\"><i class=\"fas fa-plus\"><\/i><\/span>\n\t\t\t\t\t\t\t\t<span class=\"elementor-accordion-icon-opened\"><i class=\"fas fa-minus\"><\/i><\/span>\n\t\t\t\t\t\t\t\t\t\t\t\t\t\t<\/span>\n\t\t\t\t\t\t\t\t\t\t\t\t<a class=\"elementor-accordion-title\" tabindex=\"0\">Konflikt.Erkennen<\/a>\n\t\t\t\t\t<\/div>\n\t\t\t\t\t<div id=\"elementor-tab-content-1952\" class=\"elementor-tab-content elementor-clearfix\" data-tab=\"2\" role=\"region\" aria-labelledby=\"elementor-tab-title-1952\"><p><span class=\"has-inline-color\">Noch bevor ein Konflikt greifbar wird, bewegen wir uns darauf zu: Kleinere Reibereien oder Verstimmungen<\/span> mehren sich und Sie erkennen, dass das Miteinander, die Zusammenarbeit schon besser war. Es handelt sich vielleicht noch um ein vages Gef\u00fchl, hier und dort jedoch auch um abgrenzbare Themen, um verh\u00e4rtete Positionen. Wir unterst\u00fctzen Sie mit der Konfliktmoderation dabei, die <span style=\"color: #246373;\"><strong>Basis f\u00fcr ein gesundes Miteinander<\/strong><\/span> wiederherzustellen.<\/p>\n<p>Einsatzgebiete: Projekte, Teams, Nachbarschaft, Hausverwaltungen\/Miteigent\u00fcmer\/Miete, Datenschutz, Schule<\/p><\/div>\n\t\t\t\t<\/div>\n\t\t\t\t\t\t\t<div class=\"elementor-accordion-item\">\n\t\t\t\t\t<div id=\"elementor-tab-title-1953\" class=\"elementor-tab-title\" data-tab=\"3\" role=\"button\" aria-controls=\"elementor-tab-content-1953\" aria-expanded=\"false\">\n\t\t\t\t\t\t\t\t\t\t\t\t\t<span class=\"elementor-accordion-icon elementor-accordion-icon-left\" aria-hidden=\"true\">\n\t\t\t\t\t\t\t\t\t\t\t\t\t\t\t<span class=\"elementor-accordion-icon-closed\"><i class=\"fas fa-plus\"><\/i><\/span>\n\t\t\t\t\t\t\t\t<span class=\"elementor-accordion-icon-opened\"><i class=\"fas fa-minus\"><\/i><\/span>\n\t\t\t\t\t\t\t\t\t\t\t\t\t\t<\/span>\n\t\t\t\t\t\t\t\t\t\t\t\t<a class=\"elementor-accordion-title\" tabindex=\"0\">Konflikt.Vermeiden<\/a>\n\t\t\t\t\t<\/div>\n\t\t\t\t\t<div id=\"elementor-tab-content-1953\" class=\"elementor-tab-content elementor-clearfix\" data-tab=\"3\" role=\"region\" aria-labelledby=\"elementor-tab-title-1953\"><p>Am Wichtigsten ist es uns, Konflikte gar nicht erst entstehen zu lassen! Jeder von uns bringt seinen <span style=\"color: #246373;\"><strong><span class=\"has-inline-color\">Rucksack an Erfahrungen <\/span><\/strong><\/span>mit, egal ob privat oder beruflich. Zu Beginn der Teamarbeit, bei der Unternehmensgr\u00fcndung, im neuen B\u00fcro sind wir voller Euphorie und sehen \u00fcber kleine \u00c4rgernisse gerne hinweg. Im Laufe der Zeit gibt es vielleicht eine Entscheidung, bei der wir uns \u00fcbergangen f\u00fchlen, oder eine \u00c4nderung wirkt auf uns bedrohlich. Das wei\u00df die andere Seite aber oft gar nicht, weil die ja einen ganz anderen Rucksack mitbringt. Das kann auf Dauer problematisch werden.<\/p>\n<p>Wir sind der Meinung: Soweit muss es nicht kommen, wenn wir die jeweiligen Triggerpunkte respektieren und unser gemeinsames Teamverst\u00e4ndnis entwickeln.<\/p><\/div>\n\t\t\t\t<\/div>\n\t\t\t\t\t\t\t\t<\/div>\n\t\t\t\t\t\t<\/div>\n\t\t\t\t<\/div>\n\t\t\t\t\t<\/div>\n\t\t<\/div>\n\t\t\t\t\t<\/div>\n\t\t<\/section>\n\t\t\t\t<section class=\"elementor-section elementor-top-section elementor-element elementor-element-f4409a0 elementor-section-boxed elementor-section-height-default elementor-section-height-default\" data-id=\"f4409a0\" data-element_type=\"section\">\n\t\t\t\t\t\t<div class=\"elementor-container elementor-column-gap-default\">\n\t\t\t\t\t<div class=\"elementor-column elementor-col-100 elementor-top-column elementor-element elementor-element-5c535e6\" data-id=\"5c535e6\" data-element_type=\"column\">\n\t\t\t<div class=\"elementor-widget-wrap elementor-element-populated\">\n\t\t\t\t\t\t<div class=\"elementor-element elementor-element-26b8b4a elementor-headline--style-highlight elementor-widget elementor-widget-animated-headline\" data-id=\"26b8b4a\" data-element_type=\"widget\" data-settings=\"{&quot;marker&quot;:&quot;underline_zigzag&quot;,&quot;highlighted_text&quot;:&quot;Eine Konfliktstunde&quot;,&quot;headline_style&quot;:&quot;highlight&quot;,&quot;loop&quot;:&quot;yes&quot;,&quot;highlight_animation_duration&quot;:1200,&quot;highlight_iteration_delay&quot;:8000}\" data-widget_type=\"animated-headline.default\">\n\t\t\t\t<div class=\"elementor-widget-container\">\n\t\t\t\t\t\t\t<h3 class=\"elementor-headline\">\n\t\t\t\t\t<span class=\"elementor-headline-plain-text elementor-headline-text-wrapper\">G\u00f6nnen Sie sich und Ihrem Team<\/span>\n\t\t\t\t<span class=\"elementor-headline-dynamic-wrapper elementor-headline-text-wrapper\">\n\t\t\t\t\t<span class=\"elementor-headline-dynamic-text elementor-headline-text-active\">Eine Konfliktstunde<\/span>\n\t\t\t\t<\/span>\n\t\t\t\t<\/h3>\n\t\t\t\t\t\t<\/div>\n\t\t\t\t<\/div>\n\t\t\t\t\t<\/div>\n\t\t<\/div>\n\t\t\t\t\t<\/div>\n\t\t<\/section>\n\t\t\t\t<section class=\"elementor-section elementor-top-section elementor-element elementor-element-818122e elementor-section-boxed elementor-section-height-default elementor-section-height-default\" data-id=\"818122e\" data-element_type=\"section\">\n\t\t\t\t\t\t<div class=\"elementor-container elementor-column-gap-default\">\n\t\t\t\t\t<div class=\"elementor-column elementor-col-50 elementor-top-column elementor-element elementor-element-b1d4486\" data-id=\"b1d4486\" data-element_type=\"column\">\n\t\t\t<div class=\"elementor-widget-wrap elementor-element-populated\">\n\t\t\t\t\t\t<div class=\"elementor-element elementor-element-10a0e87 elementor-align-left elementor-widget elementor-widget-button\" data-id=\"10a0e87\" data-element_type=\"widget\" data-widget_type=\"button.default\">\n\t\t\t\t<div class=\"elementor-widget-container\">\n\t\t\t\t\t\t\t\t\t<div class=\"elementor-button-wrapper\">\n\t\t\t\t\t<a class=\"elementor-button elementor-button-link elementor-size-sm\" href=\"mailto:office@streitkultur.at\">\n\t\t\t\t\t\t<span class=\"elementor-button-content-wrapper\">\n\t\t\t\t\t\t\t\t\t<span class=\"elementor-button-text\">Jetzt E-Mail senden<\/span>\n\t\t\t\t\t<\/span>\n\t\t\t\t\t<\/a>\n\t\t\t\t<\/div>\n\t\t\t\t\t\t\t\t<\/div>\n\t\t\t\t<\/div>\n\t\t\t\t\t<\/div>\n\t\t<\/div>\n\t\t\t\t<div class=\"elementor-column elementor-col-50 elementor-top-column elementor-element elementor-element-9fdeac6\" data-id=\"9fdeac6\" data-element_type=\"column\">\n\t\t\t<div class=\"elementor-widget-wrap elementor-element-populated\">\n\t\t\t\t\t\t<div class=\"elementor-element elementor-element-6405810 elementor-align-left elementor-widget elementor-widget-button\" data-id=\"6405810\" data-element_type=\"widget\" data-widget_type=\"button.default\">\n\t\t\t\t<div class=\"elementor-widget-container\">\n\t\t\t\t\t\t\t\t\t<div class=\"elementor-button-wrapper\">\n\t\t\t\t\t<a class=\"elementor-button elementor-button-link elementor-size-sm\" href=\"https:\/\/www.streitkultur.at\/sk\/kontaktformular\/\">\n\t\t\t\t\t\t<span class=\"elementor-button-content-wrapper\">\n\t\t\t\t\t\t\t\t\t<span class=\"elementor-button-text\">Zum Kontaktformular<\/span>\n\t\t\t\t\t<\/span>\n\t\t\t\t\t<\/a>\n\t\t\t\t<\/div>\n\t\t\t\t\t\t\t\t<\/div>\n\t\t\t\t<\/div>\n\t\t\t\t\t<\/div>\n\t\t<\/div>\n\t\t\t\t\t<\/div>\n\t\t<\/section>\n\t\t\t\t<\/div>\n\t\t","protected":false},"excerpt":{"rendered":"<p>Es ist wie beim Z\u00e4hneputzen: Beugen Sie Ihren Konflikten vor oder bearbeiten Sie sie, bevor ernste Sch\u00e4den auftreten. Setzen Sie sich dazu zumindest einmal im Jahr mit uns zusammen und wir ergr\u00fcnden Ihren Status und arbeiten gemeinsam daran. Konflikt.L\u00f6sen Es gibt Konflikte im Team,\u00a0 Unstimmigkeiten mit Gesch\u00e4ftspartnern, Streitigkeiten mit Nachbarn, Mieter und Vermieter sehen sich [&hellip;]<\/p>\n","protected":false},"author":4,"featured_media":0,"parent":0,"menu_order":0,"comment_status":"closed","ping_status":"closed","template":"","meta":{"_acf_changed":false,"footnotes":""},"class_list":["post-634","page","type-page","status-publish","hentry"],"acf":[],"_links":{"self":[{"href":"https:\/\/www.streitkultur.at\/sk\/wp-json\/wp\/v2\/pages\/634","targetHints":{"allow":["GET"]}}],"collection":[{"href":"https:\/\/www.streitkultur.at\/sk\/wp-json\/wp\/v2\/pages"}],"about":[{"href":"https:\/\/www.streitkultur.at\/sk\/wp-json\/wp\/v2\/types\/page"}],"author":[{"embeddable":true,"href":"https:\/\/www.streitkultur.at\/sk\/wp-json\/wp\/v2\/users\/4"}],"replies":[{"embeddable":true,"href":"https:\/\/www.streitkultur.at\/sk\/wp-json\/wp\/v2\/comments?post=634"}],"version-history":[{"count":97,"href":"https:\/\/www.streitkultur.at\/sk\/wp-json\/wp\/v2\/pages\/634\/revisions"}],"predecessor-version":[{"id":1273,"href":"https:\/\/www.streitkultur.at\/sk\/wp-json\/wp\/v2\/pages\/634\/revisions\/1273"}],"wp:attachment":[{"href":"https:\/\/www.streitkultur.at\/sk\/wp-json\/wp\/v2\/media?parent=634"}],"curies":[{"name":"wp","href":"https:\/\/api.w.org\/{rel}","templated":true}]}}