{"id":31,"date":"2019-10-01T13:44:56","date_gmt":"2019-10-01T11:44:56","guid":{"rendered":"https:\/\/www.streitkultur.at\/sk\/?page_id=31"},"modified":"2025-05-26T20:11:49","modified_gmt":"2025-05-26T18:11:49","slug":"mediation","status":"publish","type":"page","link":"https:\/\/www.streitkultur.at\/sk\/","title":{"rendered":"Mediation"},"content":{"rendered":"\t\t<div data-elementor-type=\"wp-page\" data-elementor-id=\"31\" class=\"elementor elementor-31\" data-elementor-post-type=\"page\">\n\t\t\t\t\t\t<section class=\"elementor-section elementor-top-section elementor-element elementor-element-56b3161 elementor-section-boxed elementor-section-height-default elementor-section-height-default\" data-id=\"56b3161\" data-element_type=\"section\">\n\t\t\t\t\t\t<div class=\"elementor-container elementor-column-gap-default\">\n\t\t\t\t\t<div class=\"elementor-column elementor-col-100 elementor-top-column elementor-element elementor-element-bfb79ca\" data-id=\"bfb79ca\" data-element_type=\"column\">\n\t\t\t<div class=\"elementor-widget-wrap elementor-element-populated\">\n\t\t\t\t\t\t<div class=\"elementor-element elementor-element-e71d6cf elementor-widget elementor-widget-image\" data-id=\"e71d6cf\" data-element_type=\"widget\" data-widget_type=\"image.default\">\n\t\t\t\t<div class=\"elementor-widget-container\">\n\t\t\t\t\t\t\t\t\t\t\t\t\t\t\t<img fetchpriority=\"high\" decoding=\"async\" width=\"640\" height=\"426\" src=\"https:\/\/www.streitkultur.at\/sk\/wp-content\/uploads\/2024\/06\/Brand_Images_e.U._20240606_23000288_0580-768x511.jpg\" class=\"attachment-medium_large size-medium_large wp-image-1089\" alt=\"\" srcset=\"https:\/\/www.streitkultur.at\/sk\/wp-content\/uploads\/2024\/06\/Brand_Images_e.U._20240606_23000288_0580-768x511.jpg 768w, https:\/\/www.streitkultur.at\/sk\/wp-content\/uploads\/2024\/06\/Brand_Images_e.U._20240606_23000288_0580-300x200.jpg 300w, https:\/\/www.streitkultur.at\/sk\/wp-content\/uploads\/2024\/06\/Brand_Images_e.U._20240606_23000288_0580-1024x681.jpg 1024w, https:\/\/www.streitkultur.at\/sk\/wp-content\/uploads\/2024\/06\/Brand_Images_e.U._20240606_23000288_0580-1536x1022.jpg 1536w, https:\/\/www.streitkultur.at\/sk\/wp-content\/uploads\/2024\/06\/Brand_Images_e.U._20240606_23000288_0580-2048x1363.jpg 2048w\" sizes=\"(max-width: 640px) 100vw, 640px\" \/>\t\t\t\t\t\t\t\t\t\t\t\t\t\t\t<\/div>\n\t\t\t\t<\/div>\n\t\t\t\t\t<\/div>\n\t\t<\/div>\n\t\t\t\t\t<\/div>\n\t\t<\/section>\n\t\t\t\t<section class=\"elementor-section elementor-top-section elementor-element elementor-element-339aae85 elementor-section-boxed elementor-section-height-default elementor-section-height-default\" data-id=\"339aae85\" data-element_type=\"section\">\n\t\t\t\t\t\t<div class=\"elementor-container elementor-column-gap-default\">\n\t\t\t\t\t<div class=\"elementor-column elementor-col-100 elementor-top-column elementor-element elementor-element-208fc9d\" data-id=\"208fc9d\" data-element_type=\"column\">\n\t\t\t<div class=\"elementor-widget-wrap elementor-element-populated\">\n\t\t\t\t\t\t<div class=\"elementor-element elementor-element-5c81e319 elementor-widget elementor-widget-text-editor\" data-id=\"5c81e319\" data-element_type=\"widget\" data-widget_type=\"text-editor.default\">\n\t\t\t\t<div class=\"elementor-widget-container\">\n\t\t\t\t\t\t\t\t\t<p>Konflikte kosten Nerven und zum Teil auch effektiv Geld. Der Weg zum Gericht bedeutet oft nicht nur hohe Kosten, sondern auch viel zerschlagenes Porzellan. Mediation ist ein Weg, den Konfliktursachen auf den Grund zu gehen und herauszufinden, wo die Bed\u00fcrfnisse der Beteiligten liegen. Wir begleiten Sie dabei, eine L\u00f6sung zu finden, die <span style=\"color: #246373;\"><strong>zukunftsgerichtet und best\u00e4ndig<\/strong><\/span> ist. Mag. Ursula Huber ist <span style=\"color: #ff6600;\"><a style=\"color: #ff6600;\" href=\"https:\/\/mediatorenliste.justiz.gv.at\/mediatoren\/mediatorenliste.nsf\/name\/M-Daten-DE?open&amp;Id=FE1BE2E0106B54C7C12585C4004118E7\"><strong>eingetragene Mediatorin<\/strong><\/a><\/span> &#8211; damit gelten zwingend die Qualit\u00e4tsstandards, Rechte und Pflichten laut <span style=\"color: #ff6600;\"><a style=\"color: #ff6600;\" href=\"https:\/\/www.ris.bka.gv.at\/GeltendeFassung.wxe?Abfrage=Bundesnormen&amp;Gesetzesnummer=20002753\">ZivMediatG<\/a><\/span>. Dazu z\u00e4hlen Verschwiegenheit, Fristenhemmung und Fortbildungsverpflichtung.<\/p>\n<p><!-- \/wp:paragraph --><!-- wp:paragraph --><\/p>\n<p><!-- \/wp:paragraph --><!-- wp:paragraph --><\/p>\n<p>Manchmal wird die Konfliktl\u00f6sung auch durch \u00f6rtliche Distanzen erschwert. Hier bietet sich <span style=\"color: #246373;\"><strong>Online Mediation<\/strong> <\/span>an. Sie kann auch in Situationen in Betracht gezogen werden, wo eine direkte Konfrontation f\u00fcr die betroffenen Personen schwer m\u00f6glich erscheint.<\/p>\n<p>Ein spezielles Angebot besteht in der <span style=\"color: #246373;\"><strong>Datenschutzmediation<\/strong><\/span>. Gerade bei der Umsetzung der DSGVO entstehen immer wieder Konflikte zwischen Betroffenen und Verantwortlichen. Wir begleiten Sie zu einer zufriedenstellenden Kl\u00e4rung und L\u00f6sung f\u00fcr alle Beteiligten.<\/p>\n<p><!-- \/wp:paragraph --><!-- wp:heading {\"level\":4} --><\/p>\n<h4 id=\"angebote-im-bereich-mediation\"><strong><span class=\"tadv-color\" style=\"color: #256273;\">Angebote im Bereich Mediation:<\/span><\/strong><\/h4>\n<p><!-- \/wp:heading --><!-- wp:list --><\/p>\n<ul>\n<li>Wirtschaftsmediation<\/li>\n<li>Datenschutzmediation<\/li>\n<li>Nachbarschaftsmediation<\/li>\n<li>Moderation von Konfliktgespr\u00e4chen<\/li>\n<li>Onlinemediation<\/li>\n<li>Seminare und Vortr\u00e4ge zu Konfliktmanagement<\/li>\n<\/ul>\n<p><!-- \/wp:list --><\/p>\t\t\t\t\t\t\t\t<\/div>\n\t\t\t\t<\/div>\n\t\t\t\t\t<\/div>\n\t\t<\/div>\n\t\t\t\t\t<\/div>\n\t\t<\/section>\n\t\t\t\t<section class=\"elementor-section elementor-top-section elementor-element elementor-element-67515fa elementor-section-boxed elementor-section-height-default elementor-section-height-default\" data-id=\"67515fa\" data-element_type=\"section\">\n\t\t\t\t\t\t<div class=\"elementor-container elementor-column-gap-default\">\n\t\t\t\t\t<div class=\"elementor-column elementor-col-100 elementor-top-column elementor-element elementor-element-d857dc9\" data-id=\"d857dc9\" data-element_type=\"column\">\n\t\t\t<div class=\"elementor-widget-wrap elementor-element-populated\">\n\t\t\t\t\t\t<div class=\"elementor-element elementor-element-3761d4e elementor-headline--style-highlight elementor-widget elementor-widget-animated-headline\" data-id=\"3761d4e\" data-element_type=\"widget\" data-settings=\"{&quot;highlighted_text&quot;:&quot;Rechtschutzversicherung&quot;,&quot;headline_style&quot;:&quot;highlight&quot;,&quot;marker&quot;:&quot;circle&quot;,&quot;loop&quot;:&quot;yes&quot;,&quot;highlight_animation_duration&quot;:1200,&quot;highlight_iteration_delay&quot;:8000}\" data-widget_type=\"animated-headline.default\">\n\t\t\t\t<div class=\"elementor-widget-container\">\n\t\t\t\t\t\t\t<h1 class=\"elementor-headline\">\n\t\t\t\t\t<span class=\"elementor-headline-plain-text elementor-headline-text-wrapper\">Tipp: Kontrollieren Sie, ob die Mediation in Ihrer<\/span>\n\t\t\t\t<span class=\"elementor-headline-dynamic-wrapper elementor-headline-text-wrapper\">\n\t\t\t\t\t<span class=\"elementor-headline-dynamic-text elementor-headline-text-active\">Rechtschutzversicherung<\/span>\n\t\t\t\t<\/span>\n\t\t\t\t\t<span class=\"elementor-headline-plain-text elementor-headline-text-wrapper\">eingeschlossen ist!<\/span>\n\t\t\t\t\t<\/h1>\n\t\t\t\t\t\t<\/div>\n\t\t\t\t<\/div>\n\t\t\t\t\t<\/div>\n\t\t<\/div>\n\t\t\t\t\t<\/div>\n\t\t<\/section>\n\t\t\t\t<section class=\"elementor-section elementor-top-section elementor-element elementor-element-852f737 elementor-section-boxed elementor-section-height-default elementor-section-height-default\" data-id=\"852f737\" data-element_type=\"section\">\n\t\t\t\t\t\t<div class=\"elementor-container elementor-column-gap-default\">\n\t\t\t\t\t<div class=\"elementor-column elementor-col-50 elementor-top-column elementor-element elementor-element-b080fb4\" data-id=\"b080fb4\" data-element_type=\"column\">\n\t\t\t<div class=\"elementor-widget-wrap elementor-element-populated\">\n\t\t\t\t\t\t<div class=\"elementor-element elementor-element-ef1b8ab elementor-align-left elementor-widget elementor-widget-button\" data-id=\"ef1b8ab\" data-element_type=\"widget\" data-widget_type=\"button.default\">\n\t\t\t\t<div class=\"elementor-widget-container\">\n\t\t\t\t\t\t\t\t\t<div class=\"elementor-button-wrapper\">\n\t\t\t\t\t<a class=\"elementor-button elementor-button-link elementor-size-sm\" href=\"mailto:office@streitkultur.at\">\n\t\t\t\t\t\t<span class=\"elementor-button-content-wrapper\">\n\t\t\t\t\t\t\t\t\t<span class=\"elementor-button-text\">Jetzt E-Mail senden<\/span>\n\t\t\t\t\t<\/span>\n\t\t\t\t\t<\/a>\n\t\t\t\t<\/div>\n\t\t\t\t\t\t\t\t<\/div>\n\t\t\t\t<\/div>\n\t\t\t\t\t<\/div>\n\t\t<\/div>\n\t\t\t\t<div class=\"elementor-column elementor-col-50 elementor-top-column elementor-element elementor-element-9cba26b\" data-id=\"9cba26b\" data-element_type=\"column\">\n\t\t\t<div class=\"elementor-widget-wrap elementor-element-populated\">\n\t\t\t\t\t\t<div class=\"elementor-element elementor-element-13e9fe7 elementor-align-left elementor-widget elementor-widget-button\" data-id=\"13e9fe7\" data-element_type=\"widget\" data-widget_type=\"button.default\">\n\t\t\t\t<div class=\"elementor-widget-container\">\n\t\t\t\t\t\t\t\t\t<div class=\"elementor-button-wrapper\">\n\t\t\t\t\t<a class=\"elementor-button elementor-button-link elementor-size-sm\" href=\"https:\/\/www.streitkultur.at\/sk\/kontaktformular\/\">\n\t\t\t\t\t\t<span class=\"elementor-button-content-wrapper\">\n\t\t\t\t\t\t\t\t\t<span class=\"elementor-button-text\">Zum Kontaktformular<\/span>\n\t\t\t\t\t<\/span>\n\t\t\t\t\t<\/a>\n\t\t\t\t<\/div>\n\t\t\t\t\t\t\t\t<\/div>\n\t\t\t\t<\/div>\n\t\t\t\t\t<\/div>\n\t\t<\/div>\n\t\t\t\t\t<\/div>\n\t\t<\/section>\n\t\t\t\t<\/div>\n\t\t","protected":false},"excerpt":{"rendered":"<p>Konflikte kosten Nerven und zum Teil auch effektiv Geld. Der Weg zum Gericht bedeutet oft nicht nur hohe Kosten, sondern auch viel zerschlagenes Porzellan. Mediation ist ein Weg, den Konfliktursachen auf den Grund zu gehen und herauszufinden, wo die Bed\u00fcrfnisse der Beteiligten liegen. Wir begleiten Sie dabei, eine L\u00f6sung zu finden, die zukunftsgerichtet und best\u00e4ndig [&hellip;]<\/p>\n","protected":false},"author":3,"featured_media":0,"parent":0,"menu_order":0,"comment_status":"closed","ping_status":"closed","template":"","meta":{"_acf_changed":false,"footnotes":""},"class_list":["post-31","page","type-page","status-publish","hentry"],"acf":[],"_links":{"self":[{"href":"https:\/\/www.streitkultur.at\/sk\/wp-json\/wp\/v2\/pages\/31","targetHints":{"allow":["GET"]}}],"collection":[{"href":"https:\/\/www.streitkultur.at\/sk\/wp-json\/wp\/v2\/pages"}],"about":[{"href":"https:\/\/www.streitkultur.at\/sk\/wp-json\/wp\/v2\/types\/page"}],"author":[{"embeddable":true,"href":"https:\/\/www.streitkultur.at\/sk\/wp-json\/wp\/v2\/users\/3"}],"replies":[{"embeddable":true,"href":"https:\/\/www.streitkultur.at\/sk\/wp-json\/wp\/v2\/comments?post=31"}],"version-history":[{"count":60,"href":"https:\/\/www.streitkultur.at\/sk\/wp-json\/wp\/v2\/pages\/31\/revisions"}],"predecessor-version":[{"id":1270,"href":"https:\/\/www.streitkultur.at\/sk\/wp-json\/wp\/v2\/pages\/31\/revisions\/1270"}],"wp:attachment":[{"href":"https:\/\/www.streitkultur.at\/sk\/wp-json\/wp\/v2\/media?parent=31"}],"curies":[{"name":"wp","href":"https:\/\/api.w.org\/{rel}","templated":true}]}}